{"id":777,"date":"2022-08-26T10:19:19","date_gmt":"2022-08-26T10:19:19","guid":{"rendered":"https:\/\/bikeski.ch\/?page_id=777"},"modified":"2024-04-23T14:49:09","modified_gmt":"2024-04-23T14:49:09","slug":"nendaz","status":"publish","type":"page","link":"https:\/\/bikeski.ch\/fr\/nendaz\/","title":{"rendered":"Nendaz"},"content":{"rendered":"<div data-elementor-type=\"wp-page\" data-elementor-id=\"777\" class=\"elementor elementor-777\">\n\t\t\t\t\t\t\t\t\t<section data-exad-particle-enable=\"false\" class=\"elementor-section elementor-top-section elementor-element elementor-element-d674ed2 elementor-section-full_width elementor-section-stretched elementor-section-height-default elementor-section-height-default exad-parallax-effect-no exad-background-color-change-no exad-glass-effect-no exad-sticky-section-no\" data-id=\"d674ed2\" data-element_type=\"section\" data-settings=\"{&quot;stretch_section&quot;:&quot;section-stretched&quot;}\">\n\t\t\t\t\t\t<div class=\"elementor-container elementor-column-gap-wider\">\n\t\t\t\t\t<div class=\"elementor-column elementor-col-50 elementor-top-column elementor-element elementor-element-83d63f4 exad-glass-effect-no exad-sticky-section-no\" data-id=\"83d63f4\" data-element_type=\"column\" data-settings=\"{&quot;background_background&quot;:&quot;classic&quot;}\">\n\t\t\t<div class=\"elementor-widget-wrap elementor-element-populated\">\n\t\t\t\t\t\t\t\t<div class=\"elementor-element elementor-element-e5ab696 exad-sticky-section-no exad-glass-effect-no elementor-widget elementor-widget-text-editor\" data-id=\"e5ab696\" data-element_type=\"widget\" data-widget_type=\"text-editor.default\">\n\t\t\t\t<div class=\"elementor-widget-container\">\n\t\t\t<style>\/*! elementor - v3.18.0 - 20-12-2023 *\/\n.elementor-widget-text-editor.elementor-drop-cap-view-stacked .elementor-drop-cap{background-color:#69727d;color:#fff}.elementor-widget-text-editor.elementor-drop-cap-view-framed .elementor-drop-cap{color:#69727d;border:3px solid;background-color:transparent}.elementor-widget-text-editor:not(.elementor-drop-cap-view-default) .elementor-drop-cap{margin-top:8px}.elementor-widget-text-editor:not(.elementor-drop-cap-view-default) .elementor-drop-cap-letter{width:1em;height:1em}.elementor-widget-text-editor .elementor-drop-cap{float:left;text-align:center;line-height:1;font-size:50px}.elementor-widget-text-editor .elementor-drop-cap-letter{display:inline-block}<\/style>\t\t\t\t<h2><span class=\"themecolor\">Nendaz<\/span><\/h2>\t\t\t\t\t\t<\/div>\n\t\t\t\t<\/div>\n\t\t\t\t\t<\/div>\n\t\t<\/div>\n\t\t\t\t<div class=\"elementor-column elementor-col-50 elementor-top-column elementor-element elementor-element-40ec064 exad-glass-effect-no exad-sticky-section-no\" data-id=\"40ec064\" data-element_type=\"column\" data-settings=\"{&quot;background_background&quot;:&quot;classic&quot;}\">\n\t\t\t<div class=\"elementor-widget-wrap elementor-element-populated\">\n\t\t\t\t\t\t\t\t<div class=\"elementor-element elementor-element-9486286 exad-sticky-section-no exad-glass-effect-no elementor-widget elementor-widget-spacer\" data-id=\"9486286\" data-element_type=\"widget\" data-widget_type=\"spacer.default\">\n\t\t\t\t<div class=\"elementor-widget-container\">\n\t\t\t<style>\/*! elementor - v3.18.0 - 20-12-2023 *\/\n.elementor-column .elementor-spacer-inner{height:var(--spacer-size)}.e-con{--container-widget-width:100%}.e-con-inner>.elementor-widget-spacer,.e-con>.elementor-widget-spacer{width:var(--container-widget-width,var(--spacer-size));--align-self:var(--container-widget-align-self,initial);--flex-shrink:0}.e-con-inner>.elementor-widget-spacer>.elementor-widget-container,.e-con>.elementor-widget-spacer>.elementor-widget-container{height:100%;width:100%}.e-con-inner>.elementor-widget-spacer>.elementor-widget-container>.elementor-spacer,.e-con>.elementor-widget-spacer>.elementor-widget-container>.elementor-spacer{height:100%}.e-con-inner>.elementor-widget-spacer>.elementor-widget-container>.elementor-spacer>.elementor-spacer-inner,.e-con>.elementor-widget-spacer>.elementor-widget-container>.elementor-spacer>.elementor-spacer-inner{height:var(--container-widget-height,var(--spacer-size))}.e-con-inner>.elementor-widget-spacer.elementor-widget-empty,.e-con>.elementor-widget-spacer.elementor-widget-empty{position:relative;min-height:22px;min-width:22px}.e-con-inner>.elementor-widget-spacer.elementor-widget-empty .elementor-widget-empty-icon,.e-con>.elementor-widget-spacer.elementor-widget-empty .elementor-widget-empty-icon{position:absolute;top:0;bottom:0;left:0;right:0;margin:auto;padding:0;width:22px;height:22px}<\/style>\t\t<div class=\"elementor-spacer\">\n\t\t\t<div class=\"elementor-spacer-inner\"><\/div>\n\t\t<\/div>\n\t\t\t\t<\/div>\n\t\t\t\t<\/div>\n\t\t\t\t\t<\/div>\n\t\t<\/div>\n\t\t\t\t\t\t\t<\/div>\n\t\t<\/section>\n\t\t\t\t<section data-exad-particle-enable=\"false\" class=\"elementor-section elementor-top-section elementor-element elementor-element-5234220 elementor-section-stretched elementor-section-boxed elementor-section-height-default elementor-section-height-default exad-parallax-effect-no exad-background-color-change-no exad-glass-effect-no exad-sticky-section-no\" data-id=\"5234220\" data-element_type=\"section\" data-settings=\"{&quot;stretch_section&quot;:&quot;section-stretched&quot;,&quot;background_background&quot;:&quot;classic&quot;}\">\n\t\t\t\t\t\t<div class=\"elementor-container elementor-column-gap-wider\">\n\t\t\t\t\t<div class=\"elementor-column elementor-col-100 elementor-top-column elementor-element elementor-element-f12972a exad-glass-effect-no exad-sticky-section-no\" data-id=\"f12972a\" data-element_type=\"column\">\n\t\t\t<div class=\"elementor-widget-wrap elementor-element-populated\">\n\t\t\t\t\t\t\t\t<section data-exad-particle-enable=\"false\" class=\"elementor-section elementor-inner-section elementor-element elementor-element-3fa1f93 elementor-section-boxed elementor-section-height-default elementor-section-height-default exad-parallax-effect-no exad-background-color-change-no exad-glass-effect-no exad-sticky-section-no\" data-id=\"3fa1f93\" data-element_type=\"section\">\n\t\t\t\t\t\t<div class=\"elementor-container elementor-column-gap-wider\">\n\t\t\t\t\t<div class=\"elementor-column elementor-col-50 elementor-inner-column elementor-element elementor-element-f8af746 exad-glass-effect-no exad-sticky-section-no\" data-id=\"f8af746\" data-element_type=\"column\" data-settings=\"{&quot;background_background&quot;:&quot;classic&quot;}\">\n\t\t\t<div class=\"elementor-widget-wrap elementor-element-populated\">\n\t\t\t\t\t\t\t\t<div class=\"elementor-element elementor-element-32a51be exad-sticky-section-no exad-glass-effect-no elementor-widget elementor-widget-spacer\" data-id=\"32a51be\" data-element_type=\"widget\" data-widget_type=\"spacer.default\">\n\t\t\t\t<div class=\"elementor-widget-container\">\n\t\t\t\t\t<div class=\"elementor-spacer\">\n\t\t\t<div class=\"elementor-spacer-inner\"><\/div>\n\t\t<\/div>\n\t\t\t\t<\/div>\n\t\t\t\t<\/div>\n\t\t\t\t\t<\/div>\n\t\t<\/div>\n\t\t\t\t<div class=\"elementor-column elementor-col-50 elementor-inner-column elementor-element elementor-element-3ff1a7e exad-glass-effect-no exad-sticky-section-no\" data-id=\"3ff1a7e\" data-element_type=\"column\">\n\t\t\t<div class=\"elementor-widget-wrap elementor-element-populated\">\n\t\t\t\t\t\t\t\t<div class=\"elementor-element elementor-element-b0657f7 exad-sticky-section-no exad-glass-effect-no elementor-widget elementor-widget-text-editor\" data-id=\"b0657f7\" data-element_type=\"widget\" data-widget_type=\"text-editor.default\">\n\t\t\t\t<div class=\"elementor-widget-container\">\n\t\t\t\t\t\t\t<h2>Nendaz, <span class=\"themecolor\">un territoire d\u2019authenticit\u00e9<\/span><\/h2>\t\t\t\t\t\t<\/div>\n\t\t\t\t<\/div>\n\t\t\t\t<div class=\"elementor-element elementor-element-6685c5d exad-sticky-section-no exad-glass-effect-no elementor-widget elementor-widget-text-editor\" data-id=\"6685c5d\" data-element_type=\"widget\" data-widget_type=\"text-editor.default\">\n\t\t\t\t<div class=\"elementor-widget-container\">\n\t\t\t\t\t\t\t<p>Nich\u00e9e au c\u0153ur du Valais, Nendaz est le point n\u00e9vralgique des 4 Vall\u00e9es, le plus grand \ndomaine skiable de Suisse.<\/p><p>Perch\u00e9e sur un plateau, elle surplombe la plaine du Rh\u00f4ne et offre une vue imprenable sur les Alpes.<\/p><p>Nendaz est une commune de dix-sept villages et hameaux avec un riche h\u00e9ritage historique \net culturel r\u00e9partis sur un territoire de 85,9 km2 \u00e0 une altitude allant de 492 \u00e0 3 336 m\u00e8tres.<\/p>\t\t\t\t\t\t<\/div>\n\t\t\t\t<\/div>\n\t\t\t\t\t<\/div>\n\t\t<\/div>\n\t\t\t\t\t\t\t<\/div>\n\t\t<\/section>\n\t\t\t\t\t<\/div>\n\t\t<\/div>\n\t\t\t\t\t\t\t<\/div>\n\t\t<\/section>\n\t\t\t\t<section data-exad-particle-enable=\"false\" class=\"elementor-section elementor-top-section elementor-element elementor-element-7ef796b elementor-section-stretched elementor-section-boxed elementor-section-height-default elementor-section-height-default exad-parallax-effect-no exad-background-color-change-no exad-glass-effect-no exad-sticky-section-no\" data-id=\"7ef796b\" data-element_type=\"section\" data-settings=\"{&quot;stretch_section&quot;:&quot;section-stretched&quot;,&quot;background_background&quot;:&quot;classic&quot;}\">\n\t\t\t\t\t\t<div class=\"elementor-container elementor-column-gap-wider\">\n\t\t\t\t\t<div class=\"elementor-column elementor-col-100 elementor-top-column elementor-element elementor-element-14a36ec exad-glass-effect-no exad-sticky-section-no\" data-id=\"14a36ec\" data-element_type=\"column\">\n\t\t\t<div class=\"elementor-widget-wrap elementor-element-populated\">\n\t\t\t\t\t\t\t\t<section data-exad-particle-enable=\"false\" class=\"elementor-section elementor-inner-section elementor-element elementor-element-969dadf elementor-reverse-mobile elementor-section-boxed elementor-section-height-default elementor-section-height-default exad-parallax-effect-no exad-background-color-change-no exad-glass-effect-no exad-sticky-section-no\" data-id=\"969dadf\" data-element_type=\"section\">\n\t\t\t\t\t\t<div class=\"elementor-container elementor-column-gap-wider\">\n\t\t\t\t\t<div class=\"elementor-column elementor-col-50 elementor-inner-column elementor-element elementor-element-d97898b exad-glass-effect-no exad-sticky-section-no\" data-id=\"d97898b\" data-element_type=\"column\">\n\t\t\t<div class=\"elementor-widget-wrap elementor-element-populated\">\n\t\t\t\t\t\t\t\t<div class=\"elementor-element elementor-element-f14b197 exad-sticky-section-no exad-glass-effect-no elementor-widget elementor-widget-text-editor\" data-id=\"f14b197\" data-element_type=\"widget\" data-widget_type=\"text-editor.default\">\n\t\t\t\t<div class=\"elementor-widget-container\">\n\t\t\t\t\t\t\t<h2><span class=\"themecolor\">Une nature<\/span><br \/>\u00e0 explorer au fil de la montagne<\/h2>\t\t\t\t\t\t<\/div>\n\t\t\t\t<\/div>\n\t\t\t\t<div class=\"elementor-element elementor-element-23fa1c1 exad-sticky-section-no exad-glass-effect-no elementor-widget elementor-widget-text-editor\" data-id=\"23fa1c1\" data-element_type=\"widget\" data-widget_type=\"text-editor.default\">\n\t\t\t\t<div class=\"elementor-widget-container\">\n\t\t\t\t\t\t\t<p>Nendaz b\u00e9n\u00e9ficie d'une situation privil\u00e9gi\u00e9e dans les montagnes, ce qui lui permet d'offrir \nun large \u00e9ventail d'activit\u00e9s.<\/p><p>Avec ses paysages bucoliques m\u00ealant vieux villages, alpages, for\u00eats, moyenne et haute montagne, Nendaz est une destination qui attire les amoureux de la nature, qui viennent en profiter \u00e0 pied, en VTT ou e-Bike.<\/p><p>Les remont\u00e9es m\u00e9caniques sont \nen service pendant les mois d'\u00e9t\u00e9 afin de permettre au maximum de personnes de rejoindre les sommets et d'admirer les somptueux paysages.<\/p>\t\t\t\t\t\t<\/div>\n\t\t\t\t<\/div>\n\t\t\t\t\t<\/div>\n\t\t<\/div>\n\t\t\t\t<div class=\"elementor-column elementor-col-50 elementor-inner-column elementor-element elementor-element-59df231 exad-glass-effect-no exad-sticky-section-no\" data-id=\"59df231\" data-element_type=\"column\" data-settings=\"{&quot;background_background&quot;:&quot;classic&quot;}\">\n\t\t\t<div class=\"elementor-widget-wrap elementor-element-populated\">\n\t\t\t\t\t\t\t\t<div class=\"elementor-element elementor-element-947ca1d exad-sticky-section-no exad-glass-effect-no elementor-widget elementor-widget-spacer\" data-id=\"947ca1d\" data-element_type=\"widget\" data-widget_type=\"spacer.default\">\n\t\t\t\t<div class=\"elementor-widget-container\">\n\t\t\t\t\t<div class=\"elementor-spacer\">\n\t\t\t<div class=\"elementor-spacer-inner\"><\/div>\n\t\t<\/div>\n\t\t\t\t<\/div>\n\t\t\t\t<\/div>\n\t\t\t\t\t<\/div>\n\t\t<\/div>\n\t\t\t\t\t\t\t<\/div>\n\t\t<\/section>\n\t\t\t\t\t<\/div>\n\t\t<\/div>\n\t\t\t\t\t\t\t<\/div>\n\t\t<\/section>\n\t\t\t\t<section data-exad-particle-enable=\"false\" class=\"elementor-section elementor-top-section elementor-element elementor-element-36b505a elementor-section-stretched elementor-section-boxed elementor-section-height-default elementor-section-height-default exad-parallax-effect-no exad-background-color-change-no exad-glass-effect-no exad-sticky-section-no\" data-id=\"36b505a\" data-element_type=\"section\" data-settings=\"{&quot;stretch_section&quot;:&quot;section-stretched&quot;}\">\n\t\t\t\t\t\t<div class=\"elementor-container elementor-column-gap-default\">\n\t\t\t\t\t<div class=\"elementor-column elementor-col-100 elementor-top-column elementor-element elementor-element-600a5c6 exad-glass-effect-no exad-sticky-section-no\" data-id=\"600a5c6\" data-element_type=\"column\" data-settings=\"{&quot;background_background&quot;:&quot;classic&quot;}\">\n\t\t\t<div class=\"elementor-widget-wrap elementor-element-populated\">\n\t\t\t\t\t\t\t\t<div class=\"elementor-element elementor-element-44bd93a exad-sticky-section-no exad-glass-effect-no elementor-widget elementor-widget-image\" data-id=\"44bd93a\" data-element_type=\"widget\" data-widget_type=\"image.default\">\n\t\t\t\t<div class=\"elementor-widget-container\">\n\t\t\t<style>\/*! elementor - v3.18.0 - 20-12-2023 *\/\n.elementor-widget-image{text-align:center}.elementor-widget-image a{display:inline-block}.elementor-widget-image a img[src$=\".svg\"]{width:48px}.elementor-widget-image img{vertical-align:middle;display:inline-block}<\/style>\t\t\t\t\t\t\t\t\t\t\t\t<img fetchpriority=\"high\" decoding=\"async\" width=\"1024\" height=\"593\" src=\"https:\/\/bikeski.ch\/wp-content\/uploads\/2022\/09\/carte-nenmdaz2-1-1024x593.jpg\" class=\"attachment-large size-large wp-image-1070\" alt=\"\" srcset=\"https:\/\/bikeski.ch\/wp-content\/uploads\/2022\/09\/carte-nenmdaz2-1-1024x593.jpg 1024w, https:\/\/bikeski.ch\/wp-content\/uploads\/2022\/09\/carte-nenmdaz2-1-300x174.jpg 300w, https:\/\/bikeski.ch\/wp-content\/uploads\/2022\/09\/carte-nenmdaz2-1-768x445.jpg 768w, https:\/\/bikeski.ch\/wp-content\/uploads\/2022\/09\/carte-nenmdaz2-1-1536x890.jpg 1536w, https:\/\/bikeski.ch\/wp-content\/uploads\/2022\/09\/carte-nenmdaz2-1-2048x1186.jpg 2048w, https:\/\/bikeski.ch\/wp-content\/uploads\/2022\/09\/carte-nenmdaz2-1-18x10.jpg 18w, https:\/\/bikeski.ch\/wp-content\/uploads\/2022\/09\/carte-nenmdaz2-1-252x146.jpg 252w, https:\/\/bikeski.ch\/wp-content\/uploads\/2022\/09\/carte-nenmdaz2-1-50x29.jpg 50w, https:\/\/bikeski.ch\/wp-content\/uploads\/2022\/09\/carte-nenmdaz2-1-129x75.jpg 129w\" sizes=\"(max-width: 1024px) 100vw, 1024px\" \/>\t\t\t\t\t\t\t\t\t\t\t\t\t\t\t<\/div>\n\t\t\t\t<\/div>\n\t\t\t\t<section data-exad-particle-enable=\"false\" class=\"elementor-section elementor-inner-section elementor-element elementor-element-2f90a34 elementor-section-boxed elementor-section-height-default elementor-section-height-default exad-parallax-effect-no exad-background-color-change-no exad-glass-effect-no exad-sticky-section-no\" data-id=\"2f90a34\" data-element_type=\"section\">\n\t\t\t\t\t\t<div class=\"elementor-container elementor-column-gap-default\">\n\t\t\t\t\t<div class=\"elementor-column elementor-col-33 elementor-inner-column elementor-element elementor-element-0a68e01 exad-glass-effect-no exad-sticky-section-no\" data-id=\"0a68e01\" data-element_type=\"column\">\n\t\t\t<div class=\"elementor-widget-wrap\">\n\t\t\t\t\t\t\t\t\t<\/div>\n\t\t<\/div>\n\t\t\t\t<div class=\"elementor-column elementor-col-33 elementor-inner-column elementor-element elementor-element-a40b6b1 exad-glass-effect-no exad-sticky-section-no\" data-id=\"a40b6b1\" data-element_type=\"column\">\n\t\t\t<div class=\"elementor-widget-wrap elementor-element-populated\">\n\t\t\t\t\t\t\t\t<div class=\"elementor-element elementor-element-3c2367b exad-sticky-section-no exad-glass-effect-no elementor-widget elementor-widget-text-editor\" data-id=\"3c2367b\" data-element_type=\"widget\" data-widget_type=\"text-editor.default\">\n\t\t\t\t<div class=\"elementor-widget-container\">\n\t\t\t\t\t\t\t<p>Nendaz est facile d'acc\u00e8s, offrant plusieurs fa\u00e7ons de s'y rendre.<\/p><ul><li><strong>En voiture: Sortie \"Sion-Ouest\" de l'autoroute A9 \u00e0 15 km.<\/strong><\/li><li><strong>En train: Gare de Sion \u00e0 15 km<\/strong><\/li><li><strong>En bus: Plus de 20 bus par jour entre Sion et Haute-Nendaz.<\/strong><\/li><li><strong>En avion: Atterrissage aux a\u00e9roports de Gen\u00e8ve, Z\u00fcrich, Milan ou Sion.<\/strong><\/li><li><strong>Navettes: Afin d'acc\u00e9der rapidement et facilement \u00e0 de nombreuses promenades en pleine nature, des navettes sont disponibles.<\/strong><\/li><\/ul><p>Que vous recherchiez des vacances en famille, une escapade sportive ou une \u00e9vasion dans la \nnature, vous trouverez de quoi satisfaire vos attentes \u00e9t\u00e9 comme hiver pour des exp\u00e9riences \nin\u00e9dites dans cette r\u00e9gion qui respire l\u2019authenticit\u00e9.<\/p>\t\t\t\t\t\t<\/div>\n\t\t\t\t<\/div>\n\t\t\t\t\t<\/div>\n\t\t<\/div>\n\t\t\t\t<div class=\"elementor-column elementor-col-33 elementor-inner-column elementor-element elementor-element-9e079f3 exad-glass-effect-no exad-sticky-section-no\" data-id=\"9e079f3\" data-element_type=\"column\">\n\t\t\t<div class=\"elementor-widget-wrap\">\n\t\t\t\t\t\t\t\t\t<\/div>\n\t\t<\/div>\n\t\t\t\t\t\t\t<\/div>\n\t\t<\/section>\n\t\t\t\t\t<\/div>\n\t\t<\/div>\n\t\t\t\t\t\t\t<\/div>\n\t\t<\/section>\n\t\t\t\t<section data-exad-particle-enable=\"false\" class=\"elementor-section elementor-top-section elementor-element elementor-element-2b353b9 elementor-section-full_width elementor-section-stretched elementor-section-height-default elementor-section-height-default exad-parallax-effect-no exad-background-color-change-no exad-glass-effect-no exad-sticky-section-no\" data-id=\"2b353b9\" data-element_type=\"section\" data-settings=\"{&quot;stretch_section&quot;:&quot;section-stretched&quot;}\">\n\t\t\t\t\t\t<div class=\"elementor-container elementor-column-gap-no\">\n\t\t\t\t\t<div class=\"elementor-column elementor-col-100 elementor-top-column elementor-element elementor-element-6625b93 exad-glass-effect-no exad-sticky-section-no\" data-id=\"6625b93\" data-element_type=\"column\">\n\t\t\t<div class=\"elementor-widget-wrap elementor-element-populated\">\n\t\t\t\t\t\t\t\t<div class=\"elementor-element elementor-element-81ea40f exad-sticky-section-no exad-glass-effect-no elementor-widget elementor-widget-google_maps\" data-id=\"81ea40f\" data-element_type=\"widget\" data-widget_type=\"google_maps.default\">\n\t\t\t\t<div class=\"elementor-widget-container\">\n\t\t\t<style>\/*! elementor - v3.18.0 - 20-12-2023 *\/\n.elementor-widget-google_maps .elementor-widget-container{overflow:hidden}.elementor-widget-google_maps .elementor-custom-embed{line-height:0}.elementor-widget-google_maps iframe{height:300px}<\/style>\t\t<div class=\"elementor-custom-embed\">\n\t\t\t<iframe loading=\"lazy\"\n\t\t\t\t\tsrc=\"https:\/\/maps.google.com\/maps?q=Chem.%20de%20Prameiraz%202%2C%201997%20Haute-Nendaz&#038;t=m&#038;z=10&#038;output=embed&#038;iwloc=near\"\n\t\t\t\t\ttitle=\"Chem. de Prameiraz 2, 1997 Haute-Nendaz\"\n\t\t\t\t\taria-label=\"Chem. de Prameiraz 2, 1997 Haute-Nendaz\"\n\t\t\t><\/iframe>\n\t\t<\/div>\n\t\t\t\t<\/div>\n\t\t\t\t<\/div>\n\t\t\t\t\t<\/div>\n\t\t<\/div>\n\t\t\t\t\t\t\t<\/div>\n\t\t<\/section>\n\t\t\t\t<section data-exad-particle-enable=\"false\" class=\"elementor-section elementor-top-section elementor-element elementor-element-ce5a44c elementor-section-stretched elementor-section-boxed elementor-section-height-default elementor-section-height-default exad-parallax-effect-no exad-background-color-change-no exad-glass-effect-no exad-sticky-section-no\" data-id=\"ce5a44c\" data-element_type=\"section\" data-settings=\"{&quot;stretch_section&quot;:&quot;section-stretched&quot;,&quot;background_background&quot;:&quot;classic&quot;}\">\n\t\t\t\t\t\t<div class=\"elementor-container elementor-column-gap-wider\">\n\t\t\t\t\t<div class=\"elementor-column elementor-col-100 elementor-top-column elementor-element elementor-element-56bfacc exad-glass-effect-no exad-sticky-section-no\" data-id=\"56bfacc\" data-element_type=\"column\">\n\t\t\t<div class=\"elementor-widget-wrap elementor-element-populated\">\n\t\t\t\t\t\t\t\t<section data-exad-particle-enable=\"false\" class=\"elementor-section elementor-inner-section elementor-element elementor-element-7b302bc elementor-section-boxed elementor-section-height-default elementor-section-height-default exad-parallax-effect-no exad-background-color-change-no exad-glass-effect-no exad-sticky-section-no\" data-id=\"7b302bc\" data-element_type=\"section\">\n\t\t\t\t\t\t<div class=\"elementor-container elementor-column-gap-default\">\n\t\t\t\t\t<div class=\"elementor-column elementor-col-100 elementor-inner-column elementor-element elementor-element-32cf643 exad-glass-effect-no exad-sticky-section-no\" data-id=\"32cf643\" data-element_type=\"column\">\n\t\t\t<div class=\"elementor-widget-wrap elementor-element-populated\">\n\t\t\t\t\t\t\t\t<div class=\"elementor-element elementor-element-ed993f4 exad-sticky-section-no exad-glass-effect-no elementor-widget elementor-widget-image\" data-id=\"ed993f4\" data-element_type=\"widget\" data-widget_type=\"image.default\">\n\t\t\t\t<div class=\"elementor-widget-container\">\n\t\t\t\t\t\t\t\t\t\t\t\t\t\t\t<img decoding=\"async\" width=\"260\" height=\"105\" src=\"https:\/\/bikeski.ch\/wp-content\/uploads\/2023\/05\/JT-logo-RGB-260x105.png\" class=\"attachment-post-thumbnail size-post-thumbnail wp-image-1137\" alt=\"\" srcset=\"https:\/\/bikeski.ch\/wp-content\/uploads\/2023\/05\/JT-logo-RGB-260x105.png 260w, https:\/\/bikeski.ch\/wp-content\/uploads\/2023\/05\/JT-logo-RGB-300x121.png 300w, https:\/\/bikeski.ch\/wp-content\/uploads\/2023\/05\/JT-logo-RGB-1024x414.png 1024w, https:\/\/bikeski.ch\/wp-content\/uploads\/2023\/05\/JT-logo-RGB-768x311.png 768w, https:\/\/bikeski.ch\/wp-content\/uploads\/2023\/05\/JT-logo-RGB-18x7.png 18w, https:\/\/bikeski.ch\/wp-content\/uploads\/2023\/05\/JT-logo-RGB-50x20.png 50w, https:\/\/bikeski.ch\/wp-content\/uploads\/2023\/05\/JT-logo-RGB-150x61.png 150w, https:\/\/bikeski.ch\/wp-content\/uploads\/2023\/05\/JT-logo-RGB.png 1144w\" sizes=\"(max-width: 260px) 100vw, 260px\" \/>\t\t\t\t\t\t\t\t\t\t\t\t\t\t\t<\/div>\n\t\t\t\t<\/div>\n\t\t\t\t<div class=\"elementor-element elementor-element-4d594b2 exad-sticky-section-no exad-glass-effect-no elementor-widget elementor-widget-text-editor\" data-id=\"4d594b2\" data-element_type=\"widget\" data-widget_type=\"text-editor.default\">\n\t\t\t\t<div class=\"elementor-widget-container\">\n\t\t\t\t\t\t\t<h6>LOCALISATION DE L'AGENCE<br \/><span style=\"color: #000000;\">L&#039;Agence John Taylor Sion, Rue du Grand-Pont 20, 1950 Sion<\/span><\/h6><h6>E-MAIL<br \/><a style=\"font-style: normal; font-variant-ligatures: normal; font-variant-caps: normal; font-weight: 500; font-size: 12px; font-family: Montserrat, -apple-system, 'system-ui', 'Segoe UI', Roboto, Oxygen-Sans, Ubuntu, Cantarell, 'Helvetica Neue', sans-serif;\" href=\"mailto:sion@john-taylor.com\"><span style=\"color: #000000;\">sion@john-taylor.com<\/span><\/a><span style=\"color: #000000;\"><br \/><\/span><\/h6><h6><span style=\"font-family: Montserrat, -apple-system, 'system-ui', 'Segoe UI', Roboto, Oxygen-Sans, Ubuntu, Cantarell, 'Helvetica Neue', sans-serif; font-size: 12px; font-style: normal; font-variant-ligatures: normal; font-variant-caps: normal; font-weight: 500;\">T\u00c9L\u00c9PHONE<\/span><br \/><a style=\"font-style: normal; font-variant-ligatures: normal; font-variant-caps: normal; font-weight: 500; font-size: 12px; font-family: Montserrat, -apple-system, 'system-ui', 'Segoe UI', Roboto, Oxygen-Sans, Ubuntu, Cantarell, 'Helvetica Neue', sans-serif;\" href=\"tel: 41 273222225\"><span style=\"color: #000000;\">+41 27 322 22 25<\/span><\/a><\/h6>\t\t\t\t\t\t<\/div>\n\t\t\t\t<\/div>\n\t\t\t\t\t<\/div>\n\t\t<\/div>\n\t\t\t\t\t\t\t<\/div>\n\t\t<\/section>\n\t\t\t\t\t<\/div>\n\t\t<\/div>\n\t\t\t\t\t\t\t<\/div>\n\t\t<\/section>\n\t\t\t\t\t\t\t<\/div>","protected":false},"excerpt":{"rendered":"<p>Nendaz Nendaz, land of authenticity Nestled in the heart of the canton of Valais, Nendaz is the central point of the 4 Valleys, the largest ski<span class=\"excerpt-hellip\"> [\u2026]<\/span><\/p>","protected":false},"author":1,"featured_media":0,"parent":0,"menu_order":0,"comment_status":"closed","ping_status":"closed","template":"","meta":{"footnotes":""},"class_list":["post-777","page","type-page","status-publish","hentry"],"_links":{"self":[{"href":"https:\/\/bikeski.ch\/fr\/wp-json\/wp\/v2\/pages\/777","targetHints":{"allow":["GET"]}}],"collection":[{"href":"https:\/\/bikeski.ch\/fr\/wp-json\/wp\/v2\/pages"}],"about":[{"href":"https:\/\/bikeski.ch\/fr\/wp-json\/wp\/v2\/types\/page"}],"author":[{"embeddable":true,"href":"https:\/\/bikeski.ch\/fr\/wp-json\/wp\/v2\/users\/1"}],"replies":[{"embeddable":true,"href":"https:\/\/bikeski.ch\/fr\/wp-json\/wp\/v2\/comments?post=777"}],"version-history":[{"count":43,"href":"https:\/\/bikeski.ch\/fr\/wp-json\/wp\/v2\/pages\/777\/revisions"}],"predecessor-version":[{"id":1231,"href":"https:\/\/bikeski.ch\/fr\/wp-json\/wp\/v2\/pages\/777\/revisions\/1231"}],"wp:attachment":[{"href":"https:\/\/bikeski.ch\/fr\/wp-json\/wp\/v2\/media?parent=777"}],"curies":[{"name":"wp","href":"https:\/\/api.w.org\/{rel}","templated":true}]}}